{"id":6,"date":"2013-11-12T22:17:40","date_gmt":"2013-11-12T22:17:40","guid":{"rendered":"http:\/\/barbaralazcano.com\/?page_id=6"},"modified":"2013-11-12T23:50:17","modified_gmt":"2013-11-12T23:50:17","slug":"quien-es-barbara-lazcano","status":"publish","type":"page","link":"https:\/\/barbaralazcano.com\/?page_id=6","title":{"rendered":"Qui\u00e9n es B\u00e1rbara Lazcano"},"content":{"rendered":"<p><span style=\"color: #222222;\"><span style=\"font-family: Tahoma, sans-serif;\">Nacida en San Sebasti\u00e1n, quiz\u00e1s eso ha imprimido mi car\u00e1cter aventurero y atrevido. Soy emprendedora, consultora independiente, y asesora financiera.<\/span><\/span><\/p>\n<p><span style=\"color: #222222;\"><span style=\"font-family: Tahoma, sans-serif;\"><strong>Licenciada en Administraci\u00f3n y Direcci\u00f3n de Empresas,<\/strong> Especialidad en Contabilidad. Universidad del Pa\u00eds Vasco. San Sebasti\u00e1n y Bilbao.<\/span><\/span><\/p>\n<p><span style=\"color: #222222;\"><span style=\"font-family: Tahoma, sans-serif;\"><strong><em>Master en Direcci\u00f3n Econ\u00f3mico Financiera. <\/em><\/strong>Centro de Estudios Financieros. Madrid. <\/span><\/span><\/p>\n<p align=\"JUSTIFY\"><span style=\"color: #222222;\"><span style=\"font-family: Tahoma, sans-serif;\">Pose<\/span><\/span><span style=\"color: #222222;\"><span style=\"font-family: Tahoma, sans-serif;\">o una amplia experiencia<\/span><\/span><span style=\"color: #222222;\"><span style=\"font-family: Tahoma, sans-serif;\"> en <\/span><\/span><span style=\"color: #222222;\"><span style=\"font-family: Tahoma, sans-serif;\">gesti\u00f3n y asesor\u00eda a Pymes; y en contabilidad y control de gesti\u00f3n en departamentos financieros de grandes multinacionales como <\/span><\/span><span style=\"color: #222222;\"><span style=\"font-family: Tahoma, sans-serif;\">el Grupo Publicis (medios y publicidad), Euler Hermes\/Allianz (seguros) y Decathlon (comercio minorista)<\/span><\/span><span style=\"color: #222222;\"><span style=\"font-family: Tahoma, sans-serif;\">.<\/span><\/span><\/p>\n<p align=\"JUSTIFY\"><span style=\"color: #222222;\"><span style=\"font-family: Tahoma, sans-serif;\">Entre la formaci\u00f3n <\/span><\/span><span style=\"color: #222222;\"><span style=\"font-family: Tahoma, sans-serif;\">reciente recibida, destaco los siguientes cursos: <\/span><\/span><\/p>\n<ul>\n<li>\n<p align=\"JUSTIFY\"><strong><span style=\"color: #222222;\"><span style=\"font-family: Tahoma, sans-serif;\">Turbo plan estrat\u00e9gico para el \u00e9xito en los negocios, Altas E<\/span><\/span><\/strong><span style=\"color: #222222;\"><span style=\"font-family: Tahoma, sans-serif;\"><strong>strategias Empresariales, Supera los l\u00edmites de tu mente y Train de Trainers<\/strong>, de Jung@Proyect, <\/span><\/span><\/p>\n<\/li>\n<li>\n<p align=\"JUSTIFY\"><span style=\"color: #222222;\"><strong>\u201c<\/strong><span style=\"font-family: Tahoma, sans-serif;\"><strong>Mente Millonaria\u201d<\/strong> de T. Harv Eker<\/span><\/span><\/p>\n<\/li>\n<li>\n<p align=\"JUSTIFY\"><span style=\"color: #222222;\"><span style=\"font-family: Tahoma, sans-serif;\"><strong>El Poder del Foco, Libertad Financiera y Descubre tus talentos,<\/strong> de la Universidad de la Buena Vida<\/span><\/span><\/p>\n<\/li>\n<li>\n<p align=\"JUSTIFY\"><span style=\"color: #222222;\"><span style=\"font-family: Tahoma, sans-serif;\"><strong>Maestro de lo No Verbal<\/strong>, de Miguel \u00c1ngel Romero<\/span><\/span><\/p>\n<\/li>\n<li>\n<p align=\"JUSTIFY\"><strong><span style=\"color: #222222;\"><span style=\"font-family: Tahoma, sans-serif;\">Comercio Electr\u00f3nico<\/span><\/span><\/strong><\/p>\n<\/li>\n<li>\n<p align=\"JUSTIFY\"><span style=\"color: #222222;\"><span style=\"font-family: Tahoma, sans-serif;\">Curso de Creaci\u00f3n de Empresas en el Ayuntamiento de Las Rozas de Madrid <\/span><\/span><\/p>\n<\/li>\n<\/ul>\n<p lang=\"es-ES\" align=\"JUSTIFY\"><span style=\"color: #222222;\"><span style=\"font-family: Tahoma, sans-serif;\">Me puedes encontrar en:<\/span><\/span><\/p>\n<ul>\n<li><span style=\"color: #0000ff;\"><span style=\"text-decoration: underline;\"><a href=\"mailto:info@barbaralazcano.com\"><span style=\"font-family: Arial, sans-serif;\">info@barbaralazcano.com<\/span><\/a><\/span><\/span><\/li>\n<li>\n<p lang=\"es-ES\"><span style=\"color: #0000ff;\"><span style=\"font-family: Arial, sans-serif;\">Tel: 625132054<\/span><\/span><\/p>\n<\/li>\n<li>\n<p lang=\"es-ES\"><span style=\"color: #0000ff;\"><span style=\"font-family: Arial, sans-serif;\">Twitter: @laz_bb<\/span><\/span><\/p>\n<\/li>\n<li>\n<p lang=\"en-GB\"><span style=\"color: #0000ff;\"><span style=\"font-family: Arial, sans-serif;\">Facebook (http:\/\/www.facebook.com\/barbaralazcanosaez) <\/span><\/span><\/p>\n<\/li>\n<li>\n<p lang=\"es-ES\"><span style=\"color: #0000ff;\"><span style=\"font-family: Arial, sans-serif;\">Linkedin (B\u00e1rbara Lazcano S\u00e1ez)<\/span><\/span><\/p>\n<\/li>\n<\/ul>\n","protected":false},"excerpt":{"rendered":"<p>Nacida en San Sebasti\u00e1n, quiz\u00e1s eso ha imprimido mi car\u00e1cter aventurero y atrevido. Soy emprendedora, consultora independiente, y asesora financiera. Licenciada en Administraci\u00f3n y Direcci\u00f3n de Empresas, Especialidad en Contabilidad. Universidad del Pa\u00eds Vasco. San Sebasti\u00e1n y Bilbao. Master en Direcci\u00f3n Econ\u00f3mico Financiera. Centro de Estudios Financieros. Madrid. Poseo una amplia experiencia en gesti\u00f3n y &hellip; <a href=\"https:\/\/barbaralazcano.com\/?page_id=6\" class=\"more-link\">Continue reading <span class=\"screen-reader-text\">Qui\u00e9n es B\u00e1rbara Lazcano<\/span> <span class=\"meta-nav\">&rarr;<\/span><\/a><\/p>\n","protected":false},"author":1,"featured_media":0,"parent":0,"menu_order":0,"comment_status":"open","ping_status":"open","template":"","meta":{"footnotes":""},"class_list":["post-6","page","type-page","status-publish","hentry"],"_links":{"self":[{"href":"https:\/\/barbaralazcano.com\/index.php?rest_route=\/wp\/v2\/pages\/6","targetHints":{"allow":["GET"]}}],"collection":[{"href":"https:\/\/barbaralazcano.com\/index.php?rest_route=\/wp\/v2\/pages"}],"about":[{"href":"https:\/\/barbaralazcano.com\/index.php?rest_route=\/wp\/v2\/types\/page"}],"author":[{"embeddable":true,"href":"https:\/\/barbaralazcano.com\/index.php?rest_route=\/wp\/v2\/users\/1"}],"replies":[{"embeddable":true,"href":"https:\/\/barbaralazcano.com\/index.php?rest_route=%2Fwp%2Fv2%2Fcomments&post=6"}],"version-history":[{"count":4,"href":"https:\/\/barbaralazcano.com\/index.php?rest_route=\/wp\/v2\/pages\/6\/revisions"}],"predecessor-version":[{"id":27,"href":"https:\/\/barbaralazcano.com\/index.php?rest_route=\/wp\/v2\/pages\/6\/revisions\/27"}],"wp:attachment":[{"href":"https:\/\/barbaralazcano.com\/index.php?rest_route=%2Fwp%2Fv2%2Fmedia&parent=6"}],"curies":[{"name":"wp","href":"https:\/\/api.w.org\/{rel}","templated":true}]}}