{"id":8,"date":"2013-11-12T22:17:56","date_gmt":"2013-11-12T22:17:56","guid":{"rendered":"http:\/\/barbaralazcano.com\/?page_id=8"},"modified":"2013-11-13T00:22:50","modified_gmt":"2013-11-13T00:22:50","slug":"servicios-que-ofrezco","status":"publish","type":"page","link":"https:\/\/barbaralazcano.com\/?page_id=8","title":{"rendered":"Servicios que ofrezco"},"content":{"rendered":"<p>Servicios de <strong>externalizaci\u00f3n de la direcci\u00f3n financiera.<\/strong> Me adapto totalmente a las necesidades de tu empresa o negocio, desde tareas concretas, como pueden ser an\u00e1lisis de gastos, previsiones de cobros y pagos, un cuadro de mando, etc\u2026, hasta todas las funciones de direcci\u00f3n financiera: planificaci\u00f3n financiera, tesorer\u00eda, asesor\u00eda fiscal y contable, contabilidad y control de gesti\u00f3n<\/p>\n<p>Hablamos de los n\u00fameros <em><strong>de una forma sencilla y accesible, sin tecnicismos.<\/strong><\/em><\/p>\n","protected":false},"excerpt":{"rendered":"<p>Servicios de externalizaci\u00f3n de la direcci\u00f3n financiera. Me adapto totalmente a las necesidades de tu empresa o negocio, desde tareas concretas, como pueden ser an\u00e1lisis de gastos, previsiones de cobros y pagos, un cuadro de mando, etc\u2026, hasta todas las funciones de direcci\u00f3n financiera: planificaci\u00f3n financiera, tesorer\u00eda, asesor\u00eda fiscal y contable, contabilidad y control de &hellip; <a href=\"https:\/\/barbaralazcano.com\/?page_id=8\" class=\"more-link\">Continue reading <span class=\"screen-reader-text\">Servicios que ofrezco<\/span> <span class=\"meta-nav\">&rarr;<\/span><\/a><\/p>\n","protected":false},"author":1,"featured_media":0,"parent":0,"menu_order":0,"comment_status":"open","ping_status":"open","template":"","meta":{"footnotes":""},"class_list":["post-8","page","type-page","status-publish","hentry"],"_links":{"self":[{"href":"https:\/\/barbaralazcano.com\/index.php?rest_route=\/wp\/v2\/pages\/8","targetHints":{"allow":["GET"]}}],"collection":[{"href":"https:\/\/barbaralazcano.com\/index.php?rest_route=\/wp\/v2\/pages"}],"about":[{"href":"https:\/\/barbaralazcano.com\/index.php?rest_route=\/wp\/v2\/types\/page"}],"author":[{"embeddable":true,"href":"https:\/\/barbaralazcano.com\/index.php?rest_route=\/wp\/v2\/users\/1"}],"replies":[{"embeddable":true,"href":"https:\/\/barbaralazcano.com\/index.php?rest_route=%2Fwp%2Fv2%2Fcomments&post=8"}],"version-history":[{"count":2,"href":"https:\/\/barbaralazcano.com\/index.php?rest_route=\/wp\/v2\/pages\/8\/revisions"}],"predecessor-version":[{"id":30,"href":"https:\/\/barbaralazcano.com\/index.php?rest_route=\/wp\/v2\/pages\/8\/revisions\/30"}],"wp:attachment":[{"href":"https:\/\/barbaralazcano.com\/index.php?rest_route=%2Fwp%2Fv2%2Fmedia&parent=8"}],"curies":[{"name":"wp","href":"https:\/\/api.w.org\/{rel}","templated":true}]}}